{"id":98,"date":"2008-10-05T11:33:37","date_gmt":"2008-10-05T10:33:37","guid":{"rendered":"http:\/\/www.nodo50.org\/laboratoriourbano\/?page_id=98"},"modified":"2017-11-02T22:53:28","modified_gmt":"2017-11-02T22:53:28","slug":"publicaciones","status":"publish","type":"page","link":"https:\/\/montera34.org\/laboratoriourbano\/publicaciones\/","title":{"rendered":"Publicaciones"},"content":{"rendered":"<p>_ (2009): <em><strong>\u00abLaboratorio Urbano\u00bb<\/strong><\/em>. Entrevista en la Revista <em>Ciudad Sostenible<\/em> n\u00ba 1. Edita: Acciones de Comunicaci\u00f3n y Contenidos, Madrid.<\/p>\n<p>_ Calvo, R., Garc\u00eda, E., Molina, P., Rieznik, N., S\u00e1nchez, A. (2007) <em><strong>\u00abLa explosi\u00f3n urbana de la conurbaci\u00f3n madrile\u00f1a<\/strong><\/em>\u00ab, en Observatorio Metropolitano (2007) <em><strong>\u00abMadrid \u00bfla suma de todos? globalizaci\u00f3n, territorio, desigualdad<\/strong><\/em>\u00ab. Traficantes de sue\u00f1os, Madrid. <a href=\"http:\/\/www.traficantes.net\/index.php\/trafis\/editorial\/catalogo\/utiles\/madrid_la_suma_de_todos_globalizacion_territorio_desigualdad\">PDF<\/a><\/p>\n<p><!--[if gte mso 9]&gt;  Normal 0   21   false false false  ES X-NONE X-NONE              MicrosoftInternetExplorer4              &lt; ![endif]--><!--[if gte mso 9]&gt;                                                                                                                                            &lt; ![endif]--><!--[if !mso]&gt;<span class=\"mceItemObject\" id=\"ieooui\"><\/span> &lt; !  st1:*{behavior:url(#ieooui) } --> <!--[endif]--><!--  \/* Font Definitions *\/  @font-face \t{font-family:\"Cambria Math\"; \tpanose-1:2 4 5 3 5 4 6 3 2 4; \tmso-font-charset:0; \tmso-generic-font-family:roman; \tmso-font-pitch:variable; \tmso-font-signature:-1610611985 1107304683 0 0 159 0;} @font-face \t{font-family:Helvetica45Light; \tpanose-1:0 0 4 0 0 0 0 0 0 0; \tmso-font-charset:0; \tmso-generic-font-family:auto; \tmso-font-pitch:variable; \tmso-font-signature:3 0 0 0 1 0;} @font-face \t{font-family:Helvetica55RomanItalic; \tpanose-1:0 0 4 0 0 0 0 0 0 0; \tmso-font-charset:0; \tmso-generic-font-family:auto; \tmso-font-pitch:variable; \tmso-font-signature:3 0 0 0 1 0;}  \/* Style Definitions *\/  p.MsoNormal, li.MsoNormal, div.MsoNormal \t{mso-style-unhide:no; \tmso-style-qformat:yes; \tmso-style-parent:\"\"; \tmargin:0cm; \tmargin-bottom:.0001pt; \tmso-pagination:widow-orphan; \tfont-size:11.0pt; \tmso-bidi-font-size:12.0pt; \tfont-family:Helvetica45Light; \tmso-fareast-font-family:\"Times New Roman\"; \tmso-bidi-font-family:Arial;} .MsoChpDefault \t{mso-style-type:export-only; \tmso-default-props:yes; \tfont-size:10.0pt; \tmso-ansi-font-size:10.0pt; \tmso-bidi-font-size:10.0pt;} @page Section1 \t{size:612.0pt 792.0pt; \tmargin:70.85pt 3.0cm 70.85pt 3.0cm; \tmso-header-margin:36.0pt; \tmso-footer-margin:36.0pt; \tmso-paper-source:0;} div.Section1 \t{page:Section1;} --><!--[if gte mso 10]&gt; &lt; !   \/* Style Definitions *\/  table.MsoNormalTable \t{mso-style-name:&quot;Tabla normal&quot;; \tmso-tstyle-rowband-size:0; \tmso-tstyle-colband-size:0; \tmso-style-noshow:yes; \tmso-style-priority:99; \tmso-style-qformat:yes; \tmso-style-parent:&quot;&quot;; \tmso-padding-alt:0cm 5.4pt 0cm 5.4pt; \tmso-para-margin:0cm; \tmso-para-margin-bottom:.0001pt; \tmso-pagination:widow-orphan; \tfont-size:11.0pt; \tfont-family:&quot;Calibri&quot;,&quot;sans-serif&quot;; \tmso-ascii-font-family:Calibri; \tmso-ascii-theme-font:minor-latin; \tmso-fareast-font-family:&quot;Times New Roman&quot;; \tmso-fareast-theme-font:minor-fareast; \tmso-hansi-font-family:Calibri; \tmso-hansi-theme-font:minor-latin; \tmso-bidi-font-family:&quot;Times New Roman&quot;; \tmso-bidi-theme-font:minor-bidi;} --> <!--[endif]-->_ Atelier d\u2019architecture autog\u00e9r\u00e9e (editores) (2007) <em><strong>URBAN\/ACT. A handbook for alternative practice. <\/strong><\/em>aaa-PEPRAV, Paris. <a href=\"http:\/\/www.peprav.net\/tool\/spip.php?rubrique30\">Descarga del libro completo<\/a> o <a href=\"http:\/\/www.peprav.net\/tool\/IMG\/pdf\/16-20-URBAN_ACT.pdf\">PDF del cap\u00edtulo sobre LU<\/a><\/p>\n<p>_ Laboratorio Urbano (2006). <em><strong>\u00abT\u00e1bula Rasa<\/strong><\/em> \u00ab, en \u201cLe Corbusier de la A a la Z\u201d. Revista Minerva, C\u00edrculo de Bellas Artes, Madrid.<\/p>\n<p>_ Laboratorio Urbano (2005): <em><strong>\u00ab<\/strong><strong>Laboratorio Urbano<\/strong><\/em>\u00ab, en \u201c<em><strong>La Sostenibilidad en el Proyecto Arquitect\u00f3nico y Urban\u00edstico<\/strong><\/em>\u201d, libro de las 1as jornadas organizadas por IAU+S, ETSAM, Madrid. <a href=\"http:\/\/habitat.aq.upm.es\/boletin\/n32\/\">Ver textos en Bolet\u00edn CF+S<\/a><\/p>\n<p>_ Laboratorio Urbano (2004) <strong><em>\u00ab\u00a1Me bajo a la calle!\u00bb<\/em><\/strong>. Editorial Mairea, Madrid. <a title=\"Libro Me bajo a la calle\" href=\"http:\/\/www.scribd.com\/doc\/25927617\" target=\"_blank\">Ver documento<\/a>, o <a href=\"http:\/\/montera34.org\/laboratoriourbano\/files\/2008\/10\/Me-Bajo-a-La-Calle.pdf\">descargar PDF<\/a><br \/>\n<a style=\"margin: 12px auto 6px auto;font-family: Helvetica,Arial,Sans-serif;font-style: normal;font-variant: normal;font-weight: normal;font-size: 14px;line-height: normal;text-decoration: underline\" title=\"View \u00a1Me Bajo a La Calle! on Scribd\" href=\"http:\/\/www.scribd.com\/doc\/25927617\/%C2%A1Me-Bajo-a-La-Calle\">\u00a1Me Bajo a La Calle!<\/a><\/p>\n<p>_ [R]activa 04 (2004). <em><strong>\u00ab[R]activa 04. La ciudad, campo de experimentaci\u00f3n\u00bb<\/strong><\/em>. Alcal\u00e1 de Henares, Madrid<br \/>\n<a href=\"http:\/\/www.naoslibros.es\/libros\/r-activa-04-la-ciudad-campo-de-experimentacion-talleres-urbanos-en-alcala-de-henares\/9788461232345\/\"><img loading=\"lazy\" decoding=\"async\" class=\"alignnone size-full wp-image-701\" title=\"Ractiva\" src=\"http:\/\/montera34.org\/laboratoriourbano\/files\/2008\/10\/Ractiva.gif\" alt=\"Ractiva\" width=\"413\" height=\"289\" \/><\/a><\/p>\n","protected":false},"excerpt":{"rendered":"<p>_ (2009): \u00abLaboratorio Urbano\u00bb. Entrevista en la Revista Ciudad Sostenible n\u00ba 1. Edita: Acciones de Comunicaci\u00f3n y Contenidos, Madrid. _ Calvo, R., Garc\u00eda, E., Molina, P., Rieznik, N., S\u00e1nchez, A. (2007) \u00abLa explosi\u00f3n urbana de la conurbaci\u00f3n madrile\u00f1a\u00ab, en Observatorio Metropolitano (2007) \u00abMadrid \u00bfla suma de todos? globalizaci\u00f3n, territorio, desigualdad\u00ab. Traficantes de sue\u00f1os, Madrid. PDF [&hellip;]<\/p>\n","protected":false},"author":30,"featured_media":0,"parent":0,"menu_order":2,"comment_status":"closed","ping_status":"open","template":"","meta":{"footnotes":""},"class_list":["post-98","page","type-page","status-publish","hentry"],"_links":{"self":[{"href":"https:\/\/montera34.org\/laboratoriourbano\/wp-json\/wp\/v2\/pages\/98","targetHints":{"allow":["GET"]}}],"collection":[{"href":"https:\/\/montera34.org\/laboratoriourbano\/wp-json\/wp\/v2\/pages"}],"about":[{"href":"https:\/\/montera34.org\/laboratoriourbano\/wp-json\/wp\/v2\/types\/page"}],"author":[{"embeddable":true,"href":"https:\/\/montera34.org\/laboratoriourbano\/wp-json\/wp\/v2\/users\/30"}],"replies":[{"embeddable":true,"href":"https:\/\/montera34.org\/laboratoriourbano\/wp-json\/wp\/v2\/comments?post=98"}],"version-history":[{"count":1,"href":"https:\/\/montera34.org\/laboratoriourbano\/wp-json\/wp\/v2\/pages\/98\/revisions"}],"predecessor-version":[{"id":789,"href":"https:\/\/montera34.org\/laboratoriourbano\/wp-json\/wp\/v2\/pages\/98\/revisions\/789"}],"wp:attachment":[{"href":"https:\/\/montera34.org\/laboratoriourbano\/wp-json\/wp\/v2\/media?parent=98"}],"curies":[{"name":"wp","href":"https:\/\/api.w.org\/{rel}","templated":true}]}}