{"id":7,"date":"2007-12-16T19:41:13","date_gmt":"2007-12-16T18:41:13","guid":{"rendered":"http:\/\/www.nodo50.org\/laboratoriourbano\/?page_id=7"},"modified":"2017-11-02T22:53:28","modified_gmt":"2017-11-02T22:53:28","slug":"proyectos-realizados","status":"publish","type":"page","link":"https:\/\/montera34.org\/laboratoriourbano\/proyectos-realizados\/","title":{"rendered":"Proyectos Realizados"},"content":{"rendered":"<p>Resumen de proyectos y actividades de <strong>laboratorio urbano<\/strong>:<\/p>\n<p><strong>2009<\/strong><\/p>\n<p><strong>_ <\/strong>II Foro Social Mundial. Organizaci\u00f3n del taller \u00ab<em>Neoliberalismo y modelo urbano: Madrid, campo de experimentaci\u00f3n<\/em>\u00ab, junto al Observatorio Metropolitano y la Plataforma por una Vivienda Digna. Patio Maravillas, Madrid.<\/p>\n<p>_ Participaci\u00f3n en el ciclo \u00ab<em>Ciudad y Pol\u00edtica. Urbanismo Activo: algunas ideas desde la carencia<\/em>\u201d organizado por el Museo Internacional de Arte Contempor\u00e1neo (MIAC) y la Demarcaci\u00f3n de Lanzarote del Colegio Oficial de Arquitectos de Canarias.<\/p>\n<p>_ Coorganizaci\u00f3n de la acci\u00f3n de apoyo a la Plataforma Salvem El Cabanyal realizada en paralelo al Congreso de Arquitectos 2009 que tuvo lugar en Valencia en el mes de julio.<\/p>\n<p>_ Participaci\u00f3n en el seminario \u00ab<em>Negociaciones culturales. Articulaciones de las pedagog\u00edas colectivas y las pol\u00edticas espaciales<\/em>\u00bb del proyecto \u00ab<em>Transductores<\/em>\u00ab, organizado en Granada por el colectivo Aula Abierta y el Centro Jos\u00e9 Guerrero.<\/p>\n<p>_ Participaci\u00f3n en el ciclo \u201c<em>Dimarts d\u00b4arquitectura i pol\u00edtica<\/em>\u201d (\u201dMartes de arquitectura y pol\u00edtica\u201d), organizado por Zaida Mux\u00ed y Josep Mar\u00eda Montaner en la Escuela de Arquitectura de Barcelona (ETSAB).<\/p>\n<p>_ Participaci\u00f3n en el ciclo \u201c<em>Piensa Madrid II<\/em>\u201d, seminario organizado por A. Cantis y A. Jaque para la Semana de la Arquitectura de Madrid, en La Casa Encendida.<\/p>\n<p><strong>2008<\/strong><\/p>\n<p>_ I Foro Social Mundial, participaci\u00f3n en el Taller de Vivienda realizado en el Patio Maravillas de Madrid.<\/p>\n<p>_ Dos ediciones del Especulatour dentro de la red Madrid por la Vivienda y el Territorio, y organizaci\u00f3n del seminario sobre Territorio<\/p>\n<p>_ Presentaci\u00f3n de \u201cMadrid, \u00bfla suma de todos?\u201d en diversos foros: Ecologistas en Acci\u00f3n, Colegio de Arquitectos de Madrid (COAM), AA. VV. del barrio de Quintana (Madrid), Valencia (junto al colectivo Comprom\u00eds pel Territori), Sevilla (invitados por la Editorial Atrapasue\u00f1os), Escuela de Arquitectura de Madrid, etc.<\/p>\n<p>_ Participaci\u00f3n en el IV Foro de Urbanismo Sostenible \u201cLa Ciudad es la soluci\u00f3n\u201d, organizado por el CSCAE y el Colegio de Arquitectos de Murcia.<\/p>\n<p><strong>2007<\/strong><\/p>\n<p>_ Taller\u00a0 \u201dParque s\u00ed en Chamber\u00ed\u201d, organizado junto a la AAVV El Organillo.<\/p>\n<p>_ Acompa\u00f1amiento en la creaci\u00f3n de un Oficina de Derechos Sociales en el CS. Seco.<\/p>\n<p>_ Publicaci\u00f3n del libro resultante de esta investigaci\u00f3n: \u201cMadrid, \u00bfla suma de todos?\u201d, en el que se incluye el cap\u00edtulo escrito por miembros de Laboratorio Urbano: \u201cLa explosi\u00f3n urbana de la conurbaci\u00f3n madrile\u00f1a\u201d.<\/p>\n<p>_ Presentaci\u00f3n y talleres del proyecto \u201cTodo sobre mi Barrio\u201d en el espacio Intermediae en el Matadero de Madrid, utilizando las nuevas tecnolog\u00edas para el desarrollo de herramientas que posibiliten la participaci\u00f3n on line y la creaci\u00f3n de memoria colectiva (\u201cMeipi\u201d).<\/p>\n<p>_ Conferencia \u201c<em>Laboratorio Urbano: construcci\u00f3n del espacio desde la participaci\u00f3n<\/em>\u201d, dentro<br \/>\ndel ciclo \u201cUrbanacci\u00f3n\u201d, en la sesi\u00f3n \u201cAlrededor del espacio p\u00fablico\u201d, impartida en el Colegio de<br \/>\nArquitectos de Madrid (COAM).<\/p>\n<p><strong>2006<\/strong><\/p>\n<p>_ Desarrollo de la investigaci\u00f3n de Laboratorio Urbano en el marco del Observatorio Metropolitano, encargados de eje sobre Territorio y Periferias.<\/p>\n<p><strong>2005<\/strong><\/p>\n<p>_ Ciudad-espect\u00e1culo y espacios p\u00fablicos<br \/>\nOrganizaci\u00f3n de conferencia en el C\u00edrculo Bellas Artes con las intervenciones de Manuel Delgado, antrop\u00f3logo, y Fernando Roch, arquitecto urbanista.<\/p>\n<p>_ Viaje a la ciudad invisible: Sevilla<br \/>\nEl taller de Laboratorio Urbano para las jornadas organizadas por IAU+S (2004) fue premiado con un viaje. En Sevilla el colectivo &#8216;Arquitectura y Compromiso Social&#8217; nos acompa\u00f1\u00f3 en una visita a los puntos conflictivos del urbanismo de la ciudad<\/p>\n<p>_ \u00a1Me bajo a la Tabacalera! Dentro de las jornadas \u201cLa Tabacalera a debate\u201d<\/p>\n<p>_ Taller para ni\u00f1os dentro de las jornadas de \u201cTabacalera a debate\u201d [realizado en el barrio de Lavapi\u00e9s, en colaboraci\u00f3n con la Red de Lavapi\u00e9s]<\/p>\n<p>_ Colaboraci\u00f3n en la exposici\u00f3n \u201cCuartos Mundos\u201d de la Casa Encendida<\/p>\n<p>_ Autogestionarte: independencia art\u00edstica y autogesti\u00f3n de espacios<\/p>\n<p>_ Participaci\u00f3n en la jornada \u201cVivienda y juventud. Tejiendo redes\u201d. C\u00f3rdoba<\/p>\n<p><strong>2004<\/strong><\/p>\n<p>_ Taller \u201cConstrucci\u00f3n del espacio desde la participaci\u00f3n\u201d, realizado con la metodolog\u00eda participativa EASW dentro del marco de las jornadas IAU+S\u201904 (Iniciativa por una Arquitectura y un Urbanismo Sostenible) en la ETSAM<\/p>\n<p>_ \u201cBarrios que mueren, barrios que se mueven\u201d<\/p>\n<p>_ Jornadas \u201cLa Tabacalera a debate\u201d<\/p>\n<p>_ Tinto de verano&#8217; 04<\/p>\n<p>_ <a href=\"http:\/\/www.nodo50.org\/laboratoriourbano\/?page_id=28\">\u201c!Me bajo a la calle\u00a1\u201d<\/a> en [R] ACTIVA&#8217; 04, taller con ni\u00f1os en el colegio p\u00fablico de Alcal\u00e1 de Henares. Construcci\u00f3n de las propuestas surgidas en el taller con ni\u00f1os en el Distrito VII de la ciudad.<\/p>\n<p><strong>2003<\/strong><\/p>\n<p>_ Ciclo de conferencias &#8216;Ciudad, Vivienda y Ciudadan\u00eda&#8217;, con la Red de Lavapi\u00e9s, en el CSOA El Laboratorio 3<\/p>\n<p>_ Segunda edici\u00f3n de los &#8216;Viajes a la Ciudad Invisible&#8217;: Alameda de Osuna y Lavapi\u00e9s<\/p>\n<p>_ Concurso de ideas en la ETSAM para la Cooperativa de Vivienda Joven (COVIJO)+talleres con los cooperativistas<\/p>\n<p>_ Jornadas sobre el pensamiento cr\u00edtico de Ivan Illich<\/p>\n<p>_ Encuentro de movimientos sociales en el Tinto de Verano<\/p>\n<p>_ Foro Social Europeo en Par\u00eds<\/p>\n<p><strong>2002<\/strong><\/p>\n<p>_ Primera edici\u00f3n de los &#8216;Viajes a la Ciudad Invisible&#8217;: Lavapi\u00e9s, Retiro Sur y Orcasitas, Usera y Villaverde. Ciclo \u201cEcolog\u00eda y Ciudad-. Ra\u00edces de nuestros males y modos de tratarlos\u201d, con la FIM.<\/p>\n","protected":false},"excerpt":{"rendered":"<p>Resumen de proyectos y actividades de laboratorio urbano: 2009 _ II Foro Social Mundial. Organizaci\u00f3n del taller \u00abNeoliberalismo y modelo urbano: Madrid, campo de experimentaci\u00f3n\u00ab, junto al Observatorio Metropolitano y la Plataforma por una Vivienda Digna. Patio Maravillas, Madrid. _ Participaci\u00f3n en el ciclo \u00abCiudad y Pol\u00edtica. Urbanismo Activo: algunas ideas desde la carencia\u201d organizado [&hellip;]<\/p>\n","protected":false},"author":30,"featured_media":0,"parent":0,"menu_order":2,"comment_status":"closed","ping_status":"open","template":"","meta":{"footnotes":""},"class_list":["post-7","page","type-page","status-publish","hentry"],"_links":{"self":[{"href":"https:\/\/montera34.org\/laboratoriourbano\/wp-json\/wp\/v2\/pages\/7","targetHints":{"allow":["GET"]}}],"collection":[{"href":"https:\/\/montera34.org\/laboratoriourbano\/wp-json\/wp\/v2\/pages"}],"about":[{"href":"https:\/\/montera34.org\/laboratoriourbano\/wp-json\/wp\/v2\/types\/page"}],"author":[{"embeddable":true,"href":"https:\/\/montera34.org\/laboratoriourbano\/wp-json\/wp\/v2\/users\/30"}],"replies":[{"embeddable":true,"href":"https:\/\/montera34.org\/laboratoriourbano\/wp-json\/wp\/v2\/comments?post=7"}],"version-history":[{"count":1,"href":"https:\/\/montera34.org\/laboratoriourbano\/wp-json\/wp\/v2\/pages\/7\/revisions"}],"predecessor-version":[{"id":785,"href":"https:\/\/montera34.org\/laboratoriourbano\/wp-json\/wp\/v2\/pages\/7\/revisions\/785"}],"wp:attachment":[{"href":"https:\/\/montera34.org\/laboratoriourbano\/wp-json\/wp\/v2\/media?parent=7"}],"curies":[{"name":"wp","href":"https:\/\/api.w.org\/{rel}","templated":true}]}}