{"id":28,"date":"2008-09-09T08:17:55","date_gmt":"2008-09-09T07:17:55","guid":{"rendered":"http:\/\/www.nodo50.org\/laboratoriourbano\/?page_id=28"},"modified":"2017-11-02T22:53:28","modified_gmt":"2017-11-02T22:53:28","slug":"me-bajo-a-la-calle","status":"publish","type":"page","link":"https:\/\/montera34.org\/laboratoriourbano\/proyectos-realizados\/me-bajo-a-la-calle\/","title":{"rendered":"\u00a1me bajo a la calle!"},"content":{"rendered":"<p class=\"MsoNormal\">\n<p class=\"MsoNormal\"><a href=\"http:\/\/montera34.org\/laboratoriourbano\/files\/2008\/09\/LU04-mbalc.jpg\"><img loading=\"lazy\" decoding=\"async\" class=\"alignnone size-full wp-image-711\" title=\"LU04-mbalc\" src=\"http:\/\/montera34.org\/laboratoriourbano\/files\/2008\/09\/LU04-mbalc.jpg\" alt=\"LU04-mbalc\" width=\"313\" height=\"185\" \/><\/a><\/p>\n<p class=\"MsoNormal\">2004 \/ Septiembre &gt;&gt; <em>\u00a1me bajo a la calle!<\/em> \u2013 Alcal\u00e1 de Henares, Madrid. Como parte del proyecto de arte p\u00fablico y revitalizaci\u00f3n urbana <strong>[R]ACTIVA&#8217;04<\/strong> organizamos un taller con ni\u00f1os de nueve y diez a\u00f1os en su colegio p\u00fablico. El taller reflej\u00f3 la visi\u00f3n que los ni\u00f1os tienen sobre su ciudad y recogi\u00f3 sus propuestas para mejorar su colegio. El taller queda recogido en una publicaci\u00f3n. Desarrollamos este taller en colaboraci\u00f3n con la asociaci\u00f3n de estudiantes de la ETSAM <a href=\"http:\/\/www.basurama.org\/b05_ractiva.htm\"><strong>Basurama<\/strong><\/a>.<\/p>\n<p><strong><span style=\"color: #888888\"><span style=\"color: #000000\">Documentaci\u00f3n:<\/span> <\/span><\/strong><\/p>\n<p>Libro PDF:<br \/>\n<a title=\"View \u00a1Me Bajo a La Calle! on Scribd\" href=\"http:\/\/www.scribd.com\/doc\/25927617\/%C2%A1Me-Bajo-a-La-Calle\" style=\"margin: 12px auto 6px auto;font-family: Helvetica,Arial,Sans-serif;font-style: normal;font-variant: normal;font-weight: normal;font-size: 14px;line-height: normal;text-decoration: underline\">\u00a1Me Bajo a La Calle!<\/a><\/p>\n<ul>\n<li><strong>Laboratorio Urbano<\/strong> (2004) <em>me bajo a la calle!<\/em> Editorial Mairea, Madrid<\/li>\n<\/ul>\n<p>Video del taller:<\/p>\n","protected":false},"excerpt":{"rendered":"<p>2004 \/ Septiembre &gt;&gt; \u00a1me bajo a la calle! \u2013 Alcal\u00e1 de Henares, Madrid. Como parte del proyecto de arte p\u00fablico y revitalizaci\u00f3n urbana [R]ACTIVA&#8217;04 organizamos un taller con ni\u00f1os de nueve y diez a\u00f1os en su colegio p\u00fablico. El taller reflej\u00f3 la visi\u00f3n que los ni\u00f1os tienen sobre su ciudad y recogi\u00f3 sus propuestas [&hellip;]<\/p>\n","protected":false},"author":30,"featured_media":0,"parent":7,"menu_order":0,"comment_status":"closed","ping_status":"open","template":"","meta":{"footnotes":""},"class_list":["post-28","page","type-page","status-publish","hentry"],"_links":{"self":[{"href":"https:\/\/montera34.org\/laboratoriourbano\/wp-json\/wp\/v2\/pages\/28","targetHints":{"allow":["GET"]}}],"collection":[{"href":"https:\/\/montera34.org\/laboratoriourbano\/wp-json\/wp\/v2\/pages"}],"about":[{"href":"https:\/\/montera34.org\/laboratoriourbano\/wp-json\/wp\/v2\/types\/page"}],"author":[{"embeddable":true,"href":"https:\/\/montera34.org\/laboratoriourbano\/wp-json\/wp\/v2\/users\/30"}],"replies":[{"embeddable":true,"href":"https:\/\/montera34.org\/laboratoriourbano\/wp-json\/wp\/v2\/comments?post=28"}],"version-history":[{"count":1,"href":"https:\/\/montera34.org\/laboratoriourbano\/wp-json\/wp\/v2\/pages\/28\/revisions"}],"predecessor-version":[{"id":786,"href":"https:\/\/montera34.org\/laboratoriourbano\/wp-json\/wp\/v2\/pages\/28\/revisions\/786"}],"up":[{"embeddable":true,"href":"https:\/\/montera34.org\/laboratoriourbano\/wp-json\/wp\/v2\/pages\/7"}],"wp:attachment":[{"href":"https:\/\/montera34.org\/laboratoriourbano\/wp-json\/wp\/v2\/media?parent=28"}],"curies":[{"name":"wp","href":"https:\/\/api.w.org\/{rel}","templated":true}]}}