{"id":13,"date":"2008-11-15T11:46:14","date_gmt":"2008-11-15T10:46:14","guid":{"rendered":"http:\/\/www.nodo50.org\/laboratoriourbano\/?page_id=13"},"modified":"2017-11-02T22:53:28","modified_gmt":"2017-11-02T22:53:28","slug":"libros","status":"publish","type":"page","link":"https:\/\/montera34.org\/laboratoriourbano\/libros\/","title":{"rendered":"Bibliograf\u00eda"},"content":{"rendered":"<p><strong>Sobre participaci\u00f3n ciudadana:<\/strong><\/p>\n<ul>\n<li><strong>Alexander, Christopher \/ Silverstein, Murray \/ Angel, Shlomo \/ Ishikawa, Sara \/ Abrams, Denny <\/strong>(1975) <em>The Oregon Experiment.<\/em> New York, Oxford University Press<\/li>\n<li><strong>Villasante, Tom\u00e1s R. \/ Monta\u00f1\u00e9s, Manuel \/ Mart\u00ed, Joel (coordinadores)<\/strong> (2000) <em>La investigaci\u00f3n social participativa (Construyendo Ciudadan\u00eda 1).<\/em> El Viejo Topo<\/li>\n<li><strong>Villasante, Tom\u00e1s R. \/ Monta\u00f1\u00e9s, Manuel \/ Mart\u00edn, Pedro (coordinadores)<\/strong> (2000) <em>Pr\u00e1cticas locales de creatividad social (Construyendo Ciudadan\u00eda 2).<\/em> El Viejo Topo<\/li>\n<li><strong>Wates, Nick<\/strong> (2000) <em>The Community Planning Handbook (How people can shape their cities, towns and villages in any part of the world).<\/em> Earthscan Publications Ltd.<\/li>\n<li><strong>Lorenzo Vila, Ana Rosa \/ Mart\u00ednez L\u00f3pez, Miguel<\/strong> (2001) <em>Asambleas y reuniones. Metodolog\u00edas de autoorganizaci\u00f3n.<\/em> Proyecto editorial Traficantes de Sue\u00f1os. Asociaci\u00f3n para a Econom\u00eda Social.<\/li>\n<li><strong>Verdaguer, Carlos<\/strong> <strong>(editor)<\/strong> (2006) <em>Participaci\u00f3n Ciudadana (Cuadernos Urbanos 02).<\/em> N\u00famero dedicado a participaci\u00f3n ciudadana de la publicaci\u00f3n peri\u00f3dica \u00abCuadernos Urbanos\u00bb editada por la Demarcaci\u00f3n de Tenerife, La Gomera y El Hierro del Colegio Oficial de Arquitectos de Canarias<\/li>\n<\/ul>\n","protected":false},"excerpt":{"rendered":"<p>Sobre participaci\u00f3n ciudadana: Alexander, Christopher \/ Silverstein, Murray \/ Angel, Shlomo \/ Ishikawa, Sara \/ Abrams, Denny (1975) The Oregon Experiment. New York, Oxford University Press Villasante, Tom\u00e1s R. \/ Monta\u00f1\u00e9s, Manuel \/ Mart\u00ed, Joel (coordinadores) (2000) La investigaci\u00f3n social participativa (Construyendo Ciudadan\u00eda 1). El Viejo Topo Villasante, Tom\u00e1s R. \/ Monta\u00f1\u00e9s, Manuel \/ Mart\u00edn, [&hellip;]<\/p>\n","protected":false},"author":30,"featured_media":0,"parent":0,"menu_order":3,"comment_status":"closed","ping_status":"open","template":"","meta":{"footnotes":""},"class_list":["post-13","page","type-page","status-publish","hentry"],"_links":{"self":[{"href":"https:\/\/montera34.org\/laboratoriourbano\/wp-json\/wp\/v2\/pages\/13","targetHints":{"allow":["GET"]}}],"collection":[{"href":"https:\/\/montera34.org\/laboratoriourbano\/wp-json\/wp\/v2\/pages"}],"about":[{"href":"https:\/\/montera34.org\/laboratoriourbano\/wp-json\/wp\/v2\/types\/page"}],"author":[{"embeddable":true,"href":"https:\/\/montera34.org\/laboratoriourbano\/wp-json\/wp\/v2\/users\/30"}],"replies":[{"embeddable":true,"href":"https:\/\/montera34.org\/laboratoriourbano\/wp-json\/wp\/v2\/comments?post=13"}],"version-history":[{"count":1,"href":"https:\/\/montera34.org\/laboratoriourbano\/wp-json\/wp\/v2\/pages\/13\/revisions"}],"predecessor-version":[{"id":790,"href":"https:\/\/montera34.org\/laboratoriourbano\/wp-json\/wp\/v2\/pages\/13\/revisions\/790"}],"wp:attachment":[{"href":"https:\/\/montera34.org\/laboratoriourbano\/wp-json\/wp\/v2\/media?parent=13"}],"curies":[{"name":"wp","href":"https:\/\/api.w.org\/{rel}","templated":true}]}}