{"id":801,"date":"2011-02-23T14:26:44","date_gmt":"2011-02-23T14:26:44","guid":{"rendered":"http:\/\/montera34.org\/arriola\/"},"modified":"2011-02-23T14:28:30","modified_gmt":"2011-02-23T14:28:30","slug":"suscribirme","status":"publish","type":"page","link":"https:\/\/montera34.org\/arriola\/suscribirme\/","title":{"rendered":"Suscribirme"},"content":{"rendered":"<p>Si quieres estar al d\u00eda de las noticias de Juan Arriola, suscr\u00edbete a su lista de correo.<\/p>\n<p>[ALO-EASYMAIL-PAGE]<\/p>\n<p>Tambi\u00e9n puedes suscribirte v\u00eda RSS o Feed a las entradas en la url <a href=\"https:\/\/montera34.org\/arriola\/comments\/feed\/\">https:\/\/montera34.org\/arriola\/comments\/feed\/<\/a><\/p>\n","protected":false},"excerpt":{"rendered":"<p>Si quieres estar al d\u00eda de las noticias de Juan Arriola, suscr\u00edbete a su lista de correo. [ALO-EASYMAIL-PAGE] Tambi\u00e9n puedes suscribirte v\u00eda RSS o Feed a las entradas en la url https:\/\/montera34.org\/arriola\/comments\/feed\/<\/p>\n","protected":false},"author":1,"featured_media":0,"parent":0,"menu_order":0,"comment_status":"open","ping_status":"open","template":"","meta":{"footnotes":""},"class_list":["post-801","page","type-page","status-publish","hentry"],"_links":{"self":[{"href":"https:\/\/montera34.org\/arriola\/wp-json\/wp\/v2\/pages\/801","targetHints":{"allow":["GET"]}}],"collection":[{"href":"https:\/\/montera34.org\/arriola\/wp-json\/wp\/v2\/pages"}],"about":[{"href":"https:\/\/montera34.org\/arriola\/wp-json\/wp\/v2\/types\/page"}],"author":[{"embeddable":true,"href":"https:\/\/montera34.org\/arriola\/wp-json\/wp\/v2\/users\/1"}],"replies":[{"embeddable":true,"href":"https:\/\/montera34.org\/arriola\/wp-json\/wp\/v2\/comments?post=801"}],"version-history":[{"count":3,"href":"https:\/\/montera34.org\/arriola\/wp-json\/wp\/v2\/pages\/801\/revisions"}],"predecessor-version":[{"id":803,"href":"https:\/\/montera34.org\/arriola\/wp-json\/wp\/v2\/pages\/801\/revisions\/803"}],"wp:attachment":[{"href":"https:\/\/montera34.org\/arriola\/wp-json\/wp\/v2\/media?parent=801"}],"curies":[{"name":"wp","href":"https:\/\/api.w.org\/{rel}","templated":true}]}}