{"id":14,"date":"2011-02-07T01:57:10","date_gmt":"2011-02-07T01:57:10","guid":{"rendered":"http:\/\/montera34.org\/arriola\/"},"modified":"2011-11-10T01:35:34","modified_gmt":"2011-11-09T23:35:34","slug":"biografia","status":"publish","type":"page","link":"https:\/\/montera34.org\/arriola\/biografia\/","title":{"rendered":"Biograf\u00eda"},"content":{"rendered":"<p><a href=\"https:\/\/montera34.org\/arriola\/files\/2011\/02\/11.Amanece.jpg\"><img loading=\"lazy\" decoding=\"async\" class=\"alignnone size-medium wp-image-51\" title=\"11.Amanece\" src=\"https:\/\/montera34.org\/arriola\/files\/2011\/02\/11.Amanece-600x450.jpg\" alt=\"\" width=\"480\" height=\"360\" srcset=\"https:\/\/montera34.org\/arriola\/files\/2011\/02\/11.Amanece-600x450.jpg 600w, https:\/\/montera34.org\/arriola\/files\/2011\/02\/11.Amanece-1024x768.jpg 1024w, https:\/\/montera34.org\/arriola\/files\/2011\/02\/11.Amanece-950x712.jpg 950w, https:\/\/montera34.org\/arriola\/files\/2011\/02\/11.Amanece.jpg 1280w\" sizes=\"auto, (max-width: 480px) 100vw, 480px\" \/><\/a><\/p>\n<p>Nac\u00ed en Xemein ( hoy Markina-Xemein ), Bizkaia, en Octubre de 1940. Tiempos de crisis tambi\u00e9n aquellos, me imagino.<br \/>\nTras muchos a\u00f1os de querer y no poder, de tantear y no acertar, de buscar y no encontrar, tarde, pero llegu\u00e9 a discernir mi camino en el mundo de la escultura en la d\u00e9cada de los a\u00f1os 70. La obsesi\u00f3n por encontrar el renombrado \u201cestilo personal\u201d me llevaba a buscarlo, seguramente, m\u00e1s all\u00e1 de las monta\u00f1as. Pero fue la profunda impresi\u00f3n que me caus\u00f3 un mont\u00f3n de restos de sillas de tubo cromado y tablas de aglomerado cubierto de formica desechados de un bar y ahora tirados a un rinc\u00f3n oscuro, la chispa que me ilumin\u00f3 el camino, y comenc\u00e9 a trabajar con lo puesto y con lo que ten\u00eda a mano. Las paredes y rincones del Colegio de Arantzazu ( Gipuzkoa ), donde impart\u00eda clases de Educaci\u00f3n Art\u00edstica, fueron aceptando, uno tras otro, mis trabajos, hasta que, no s\u00e9 c\u00f3mo, me di cuenta de que llevaba un rato en el camino que estaba buscando. No me imaginaba que pudiera estar tan cerca el tan tra\u00eddo y llevado \u201cestilo personal\u201d.<\/p>\n<p>Aquellos trabajos hasta llegaron a ver la luz p\u00fablica en el Museo de San Telmo de Donostia en Noviembre de 1977, en una Exposici\u00f3n colectiva.<br \/>\nM\u00e1s tarde, en Zarautz, ( Gipuzkoa ), el verano de 1980.<\/p>\n<p>En los a\u00f1os sucesivos, ya instalado en Fuenlabrada, tuve la oportunidad de presentarme algunos a\u00f1os a la convocatoria anual de Escultura P\u00fablica que organizaba el Ayuntamiento de Legan\u00e9s, siendo en todos los casos seleccionado para la exposici\u00f3n de las obras.<\/p>\n<p>En el a\u00f1o 2006 ( Febrero \u2013 Marzo ) tuve la gran oportunidad de exponer una treintena de trabajos que hab\u00eda venido componiendo desde los a\u00f1os 80, en el incomparable escenario del \u201cCentro Cultural Tom\u00e1s y Valiente de Fuenlabrada\u201d.<\/p>\n","protected":false},"excerpt":{"rendered":"<p>Nac\u00ed en Xemein ( hoy Markina-Xemein ), Bizkaia, en Octubre de 1940. Tiempos de crisis tambi\u00e9n aquellos, me imagino. Tras muchos a\u00f1os de querer y no poder, de tantear y no acertar, de buscar y no encontrar, tarde, pero llegu\u00e9 a discernir mi camino en el mundo de la escultura en la d\u00e9cada de los [&hellip;]<\/p>\n","protected":false},"author":1,"featured_media":0,"parent":0,"menu_order":0,"comment_status":"open","ping_status":"open","template":"","meta":{"footnotes":""},"class_list":["post-14","page","type-page","status-publish","hentry"],"_links":{"self":[{"href":"https:\/\/montera34.org\/arriola\/wp-json\/wp\/v2\/pages\/14","targetHints":{"allow":["GET"]}}],"collection":[{"href":"https:\/\/montera34.org\/arriola\/wp-json\/wp\/v2\/pages"}],"about":[{"href":"https:\/\/montera34.org\/arriola\/wp-json\/wp\/v2\/types\/page"}],"author":[{"embeddable":true,"href":"https:\/\/montera34.org\/arriola\/wp-json\/wp\/v2\/users\/1"}],"replies":[{"embeddable":true,"href":"https:\/\/montera34.org\/arriola\/wp-json\/wp\/v2\/comments?post=14"}],"version-history":[{"count":9,"href":"https:\/\/montera34.org\/arriola\/wp-json\/wp\/v2\/pages\/14\/revisions"}],"predecessor-version":[{"id":111,"href":"https:\/\/montera34.org\/arriola\/wp-json\/wp\/v2\/pages\/14\/revisions\/111"}],"wp:attachment":[{"href":"https:\/\/montera34.org\/arriola\/wp-json\/wp\/v2\/media?parent=14"}],"curies":[{"name":"wp","href":"https:\/\/api.w.org\/{rel}","templated":true}]}}