{"id":1084,"date":"2016-01-28T02:23:53","date_gmt":"2016-01-28T00:23:53","guid":{"rendered":"http:\/\/montera34.org\/arriola\/?page_id=1084"},"modified":"2016-01-28T03:00:06","modified_gmt":"2016-01-28T01:00:06","slug":"exposicion-fuenlabrada-2016","status":"publish","type":"page","link":"https:\/\/montera34.org\/arriola\/exposicion-fuenlabrada-2016\/","title":{"rendered":"Exposici\u00f3n Fuenlabrada 2016"},"content":{"rendered":"<p><a href=\"https:\/\/montera34.org\/arriola\/files\/2016\/01\/juan-arriola-2016.jpg\"><img loading=\"lazy\" decoding=\"async\" class=\"alignnone size-medium wp-image-1122\" src=\"https:\/\/montera34.org\/arriola\/files\/2016\/01\/juan-arriola-2016-600x400.jpg\" alt=\"juan-arriola-2016\" width=\"600\" height=\"400\" srcset=\"https:\/\/montera34.org\/arriola\/files\/2016\/01\/juan-arriola-2016-600x400.jpg 600w, https:\/\/montera34.org\/arriola\/files\/2016\/01\/juan-arriola-2016-1024x683.jpg 1024w, https:\/\/montera34.org\/arriola\/files\/2016\/01\/juan-arriola-2016-950x633.jpg 950w, https:\/\/montera34.org\/arriola\/files\/2016\/01\/juan-arriola-2016.jpg 1782w\" sizes=\"auto, (max-width: 600px) 100vw, 600px\" \/><\/a><\/p>\n<p>Supongo que, criado en un entorno agr\u00edcola, mi inclinaci\u00f3n a trabajar la madera es algo natural en m\u00ed. Y si digo \u201cmadera\u201d, digo tambi\u00e9n\u201d hierro\u201d, inseparable compa\u00f1ero de la madera en la mayor\u00eda de los aperos agr\u00edcolas de mi tiempo.<\/p>\n<p>En cuanto a mis trabajos, una vez que se van del control de mis manos, ya no dependen de m\u00ed, ya no me necesitan, son ellos los que se presentan al visitante que se para ante ellos. En el mejor de los casos, quiz\u00e1 podr\u00eda yo aportar algo as\u00ed como divagaciones \u201cpseudofilos\u00f3ficopo\u00e9ticas\u201d.<br \/>\nEllos, tienen su palabra. Madera, Hierro. Madera noble. Hierro firme. Compa\u00f1eros desde siempre. Los quiero, los amo.<\/p>\n<p>Trabajar es trabajarse, y exponer, exponerse.<br \/>\nSi alguno de estos trabajos te ha dirigido su palabra, y \u00e9sta ha llegado hasta t\u00ed, mi trabajo ha alcanzado su meta.<br \/>\n!Gracias a los dos!<\/p>\n<p><strong>Esculturas<\/strong><br \/>\n<a href=\"http:\/\/ceartfuenlabrada.es\/juan-arriola-esculturas-del-14-de-enero-al-2-de-febrero-de-2016-sala-c\/\">Centro de Arte Tom\u00e1s y Valiente. Fuenlabrada<\/a><br \/>\nDel 14 de enero al 2 de febrero de 2016<\/p>\n<p><a href=\"https:\/\/montera34.org\/arriola\/files\/2016\/01\/IMG_1184r.jpg\"><img loading=\"lazy\" decoding=\"async\" class=\"alignnone size-medium wp-image-1100\" src=\"https:\/\/montera34.org\/arriola\/files\/2016\/01\/IMG_1184r-600x400.jpg\" alt=\"IMG_1184r\" width=\"600\" height=\"400\" srcset=\"https:\/\/montera34.org\/arriola\/files\/2016\/01\/IMG_1184r-600x400.jpg 600w, https:\/\/montera34.org\/arriola\/files\/2016\/01\/IMG_1184r-1024x683.jpg 1024w, https:\/\/montera34.org\/arriola\/files\/2016\/01\/IMG_1184r-950x633.jpg 950w\" sizes=\"auto, (max-width: 600px) 100vw, 600px\" \/><\/a> <a href=\"https:\/\/montera34.org\/arriola\/files\/2016\/01\/IMG_1193r.jpg\"><img loading=\"lazy\" decoding=\"async\" class=\"alignnone size-medium wp-image-1099\" src=\"https:\/\/montera34.org\/arriola\/files\/2016\/01\/IMG_1193r-600x400.jpg\" alt=\"IMG_1193r\" width=\"600\" height=\"400\" srcset=\"https:\/\/montera34.org\/arriola\/files\/2016\/01\/IMG_1193r-600x400.jpg 600w, https:\/\/montera34.org\/arriola\/files\/2016\/01\/IMG_1193r-1024x683.jpg 1024w, https:\/\/montera34.org\/arriola\/files\/2016\/01\/IMG_1193r-950x633.jpg 950w\" sizes=\"auto, (max-width: 600px) 100vw, 600px\" \/><\/a> <a href=\"https:\/\/montera34.org\/arriola\/files\/2016\/01\/IMG_1200r.jpg\"><img loading=\"lazy\" decoding=\"async\" class=\"size-medium wp-image-1098 alignleft\" src=\"https:\/\/montera34.org\/arriola\/files\/2016\/01\/IMG_1200r-423x600.jpg\" alt=\"IMG_1200r\" width=\"423\" height=\"600\" srcset=\"https:\/\/montera34.org\/arriola\/files\/2016\/01\/IMG_1200r-423x600.jpg 423w, https:\/\/montera34.org\/arriola\/files\/2016\/01\/IMG_1200r-721x1024.jpg 721w, https:\/\/montera34.org\/arriola\/files\/2016\/01\/IMG_1200r-950x1348.jpg 950w\" sizes=\"auto, (max-width: 423px) 100vw, 423px\" \/><\/a> <a href=\"https:\/\/montera34.org\/arriola\/files\/2016\/01\/IMG_1218r.jpg\"><img loading=\"lazy\" decoding=\"async\" class=\"alignnone size-medium wp-image-1091\" src=\"https:\/\/montera34.org\/arriola\/files\/2016\/01\/IMG_1218r-400x600.jpg\" alt=\"IMG_1218r\" width=\"400\" height=\"600\" srcset=\"https:\/\/montera34.org\/arriola\/files\/2016\/01\/IMG_1218r-400x600.jpg 400w, https:\/\/montera34.org\/arriola\/files\/2016\/01\/IMG_1218r-683x1024.jpg 683w, https:\/\/montera34.org\/arriola\/files\/2016\/01\/IMG_1218r-950x1425.jpg 950w\" sizes=\"auto, (max-width: 400px) 100vw, 400px\" \/>\u00a0<\/a><\/p>\n<p><a href=\"https:\/\/montera34.org\/arriola\/files\/2016\/01\/IMG_1252r.jpg\"><img loading=\"lazy\" decoding=\"async\" class=\" wp-image-1086 alignleft\" src=\"https:\/\/montera34.org\/arriola\/files\/2016\/01\/IMG_1252r-600x400.jpg\" alt=\"IMG_1252r\" width=\"412\" height=\"274\" srcset=\"https:\/\/montera34.org\/arriola\/files\/2016\/01\/IMG_1252r-600x400.jpg 600w, https:\/\/montera34.org\/arriola\/files\/2016\/01\/IMG_1252r-1024x683.jpg 1024w, https:\/\/montera34.org\/arriola\/files\/2016\/01\/IMG_1252r-950x633.jpg 950w\" sizes=\"auto, (max-width: 412px) 100vw, 412px\" \/><\/a> <a href=\"https:\/\/montera34.org\/arriola\/files\/2016\/01\/IMG_1225r.jpg\"><img loading=\"lazy\" decoding=\"async\" class=\"alignnone wp-image-1090\" src=\"https:\/\/montera34.org\/arriola\/files\/2016\/01\/IMG_1225r-600x400.jpg\" alt=\"IMG_1225r\" width=\"412\" height=\"274\" srcset=\"https:\/\/montera34.org\/arriola\/files\/2016\/01\/IMG_1225r-600x400.jpg 600w, https:\/\/montera34.org\/arriola\/files\/2016\/01\/IMG_1225r-1024x683.jpg 1024w, https:\/\/montera34.org\/arriola\/files\/2016\/01\/IMG_1225r-950x633.jpg 950w\" sizes=\"auto, (max-width: 412px) 100vw, 412px\" \/><\/a><\/p>\n<p>&nbsp;<\/p>\n<p>&nbsp;<\/p>\n","protected":false},"excerpt":{"rendered":"<p>Supongo que, criado en un entorno agr\u00edcola, mi inclinaci\u00f3n a trabajar la madera es algo natural en m\u00ed. Y si digo \u201cmadera\u201d, digo tambi\u00e9n\u201d hierro\u201d, inseparable compa\u00f1ero de la madera en la mayor\u00eda de los aperos agr\u00edcolas de mi tiempo. En cuanto a mis trabajos, una vez que se van del control de mis manos, [&hellip;]<\/p>\n","protected":false},"author":48,"featured_media":0,"parent":0,"menu_order":0,"comment_status":"closed","ping_status":"closed","template":"","meta":{"footnotes":""},"class_list":["post-1084","page","type-page","status-publish","hentry"],"_links":{"self":[{"href":"https:\/\/montera34.org\/arriola\/wp-json\/wp\/v2\/pages\/1084","targetHints":{"allow":["GET"]}}],"collection":[{"href":"https:\/\/montera34.org\/arriola\/wp-json\/wp\/v2\/pages"}],"about":[{"href":"https:\/\/montera34.org\/arriola\/wp-json\/wp\/v2\/types\/page"}],"author":[{"embeddable":true,"href":"https:\/\/montera34.org\/arriola\/wp-json\/wp\/v2\/users\/48"}],"replies":[{"embeddable":true,"href":"https:\/\/montera34.org\/arriola\/wp-json\/wp\/v2\/comments?post=1084"}],"version-history":[{"count":11,"href":"https:\/\/montera34.org\/arriola\/wp-json\/wp\/v2\/pages\/1084\/revisions"}],"predecessor-version":[{"id":1123,"href":"https:\/\/montera34.org\/arriola\/wp-json\/wp\/v2\/pages\/1084\/revisions\/1123"}],"wp:attachment":[{"href":"https:\/\/montera34.org\/arriola\/wp-json\/wp\/v2\/media?parent=1084"}],"curies":[{"name":"wp","href":"https:\/\/api.w.org\/{rel}","templated":true}]}}